{"id":16,"date":"2019-04-25T11:03:26","date_gmt":"2019-04-25T09:03:26","guid":{"rendered":"http:\/\/www.havert-stein.de\/neu19\/?page_id=16"},"modified":"2020-10-24T13:42:08","modified_gmt":"2020-10-24T11:42:08","slug":"impressum","status":"publish","type":"page","link":"http:\/\/www.havert-stein.de\/neu19\/impressum\/","title":{"rendered":"Impressum"},"content":{"rendered":"\t\t<div data-elementor-type=\"wp-post\" data-elementor-id=\"16\" class=\"elementor elementor-16\">\n\t\t\t\t\t\t<section class=\"elementor-section elementor-top-section elementor-element elementor-element-04f1369 elementor-section-boxed elementor-section-height-default elementor-section-height-default\" data-id=\"04f1369\" data-element_type=\"section\" data-e-type=\"section\">\n\t\t\t\t\t\t<div class=\"elementor-container elementor-column-gap-default\">\n\t\t\t\t\t<div class=\"elementor-column elementor-col-100 elementor-top-column elementor-element elementor-element-5e91381\" data-id=\"5e91381\" data-element_type=\"column\" data-e-type=\"column\">\n\t\t\t<div class=\"elementor-widget-wrap elementor-element-populated\">\n\t\t\t\t\t\t<div class=\"elementor-element elementor-element-3304c4c elementor-widget elementor-widget-text-editor\" data-id=\"3304c4c\" data-element_type=\"widget\" data-e-type=\"widget\" data-widget_type=\"text-editor.default\">\n\t\t\t\t<div class=\"elementor-widget-container\">\n\t\t\t\t\t\t\t\t\t<p><span style=\"font-weight: bold; color: #000080;\">Impressum<\/span><\/p><p style=\"font-style: normal; font-variant-caps: normal; margin-bottom: 16px; caret-color: #444444; color: #444444; font-family: Arial, Helvetica, sans-serif; font-size: 12px;\"><span style=\"font-weight: bold;\">Angaben gem\u00e4\u00df \u00a7 5 TMG:<\/span><br \/>Spielmannszug 1920 &#8222;Edelwei\u00df&#8220; Havert e.V.<br \/>Lind 34<br \/>52538 Selfkant<\/p><p style=\"font-style: normal; font-variant-caps: normal; margin-bottom: 16px; caret-color: #444444; color: #444444; font-family: Arial, Helvetica, sans-serif; font-size: 12px;\"><span style=\"font-weight: bold;\">Der Verein wird vertreten durch:<\/span><\/p><p style=\"font-style: normal; font-variant-caps: normal; margin-bottom: 16px; caret-color: #444444; color: #444444; font-family: Arial, Helvetica, sans-serif; font-size: 12px;\"><span style=\"font-family: Arial, Helvetica, sans-serif; font-size: 12px; font-style: normal; font-variant-caps: normal;\">1. Vorsitzender: Marcell Beyers<\/span><\/p><p style=\"font-style: normal; font-variant-caps: normal; margin-bottom: 16px; caret-color: #444444; color: #444444; font-family: Arial, Helvetica, sans-serif; font-size: 12px;\">2. Vorsitzender: Marc Welters<\/p><p style=\"font-style: normal; font-variant-caps: normal; margin-bottom: 16px; caret-color: #444444; color: #444444; font-family: Arial, Helvetica, sans-serif; font-size: 12px;\">Gesch\u00e4ftsf\u00fchrer: Heinz M\u00fclleners<\/p><p style=\"font-style: normal; font-variant-caps: normal; margin-bottom: 16px; caret-color: #444444; color: #444444; font-family: Arial, Helvetica, sans-serif; font-size: 12px;\">Kassierer: Wilfried Houben<\/p><p style=\"font-style: normal; font-variant-caps: normal; margin-bottom: 16px; caret-color: #444444; color: #444444; font-family: Arial, Helvetica, sans-serif; font-size: 12px;\">Schriftf\u00fchrerin: Daniela Biegel<\/p><p style=\"font-style: normal; font-variant-caps: normal; margin-bottom: 16px; caret-color: #444444; color: #444444; font-family: Arial, Helvetica, sans-serif; font-size: 12px;\">Beisitzer: Rosi Busch, Ludwig Kelleners, Tobias Barion, Thomas Dahlmanns<\/p><p style=\"font-style: normal; font-variant-caps: normal; margin-bottom: 16px; caret-color: #444444; color: #444444; font-family: Arial, Helvetica, sans-serif; font-size: 12px;\"><span style=\"font-weight: bold;\">Kontakt:<\/span><br \/>E-Mail:\u00a0<a style=\"font-size: 14px;\" href=\"mailto:m.beyers@havert.de\" target=\"_blank\" rel=\"noopener\">m.beyers@havert.de<\/a><\/p><p style=\"font-style: normal; font-variant-caps: normal; margin-bottom: 16px; caret-color: #444444; color: #444444; font-family: Arial, Helvetica, sans-serif; font-size: 12px;\">Telefon: 015201503333<\/p><p style=\"font-style: normal; font-variant-caps: normal; margin-bottom: 16px; caret-color: #444444; color: #444444; font-family: Arial, Helvetica, sans-serif; font-size: 12px;\">Internet:\u00a0<a style=\"font-size: 14px;\" href=\"https:\/\/www.spielmannszug-havert.de\" target=\"_blank\" rel=\"noopener\">https:\/\/www.spielmannszug-havert.de<\/a><\/p><p style=\"font-style: normal; font-variant-caps: normal; margin-bottom: 16px; caret-color: #444444; color: #444444; font-family: Arial, Helvetica, sans-serif; font-size: 12px;\"><span style=\"font-weight: bold;\">Registereintrag:<\/span><br \/>Eintragung im Vereinsregister.<\/p><p style=\"font-style: normal; font-variant-caps: normal; margin-bottom: 16px; caret-color: #444444; color: #444444; font-family: Arial, Helvetica, sans-serif; font-size: 12px;\">Registergericht: Amtsgericht Heinsberg<\/p><p style=\"font-style: normal; font-variant-caps: normal; margin-bottom: 16px; caret-color: #444444; color: #444444; font-family: Arial, Helvetica, sans-serif; font-size: 12px;\">Registernummer: 6VR 0366<\/p><p style=\"font-style: normal; font-variant-caps: normal; margin-bottom: 16px; caret-color: #444444; color: #444444; font-family: Arial, Helvetica, sans-serif; font-size: 12px;\"><span style=\"font-weight: bold;\">Verantwortlich f\u00fcr den Inhalt nach \u00a7 55 Abs. 2 RStV:<\/span><\/p><p style=\"font-style: normal; font-variant-caps: normal; margin-bottom: 16px; caret-color: #444444; color: #444444; font-family: Arial, Helvetica, sans-serif; font-size: 12px;\">Marcell Beyers, Lind 34, 52538 Selfkant<\/p>\t\t\t\t\t\t\t\t<\/div>\n\t\t\t\t<\/div>\n\t\t\t\t\t<\/div>\n\t\t<\/div>\n\t\t\t\t\t<\/div>\n\t\t<\/section>\n\t\t\t\t<\/div>\n\t\t","protected":false},"excerpt":{"rendered":"<p>Impressum Angaben gem\u00e4\u00df \u00a7 5 TMG: Spielmannszug 1920 &#8222;Edelwei\u00df&#8220; Havert e.V. Lind 34 52538 Selfkant Der Verein wird vertreten durch: 1. Vorsitzender: Marcell Beyers 2. Vorsitzender: Marc Welters Gesch\u00e4ftsf\u00fchrer: Heinz M\u00fclleners Kassierer: Wilfried Houben Schriftf\u00fchrerin: Daniela Biegel Beisitzer: Rosi Busch, Ludwig Kelleners, Tobias Barion, Thomas Dahlmanns Kontakt: E-Mail:&nbsp;m.beyers@havert.de Telefon: 015201503333 Internet:&nbsp;https:\/\/www.spielmannszug-havert.de Registereintrag: Eintragung im Vereinsregister. [&hellip;]<\/p>\n","protected":false},"author":1,"featured_media":0,"parent":0,"menu_order":0,"comment_status":"closed","ping_status":"closed","template":"","meta":{"ocean_post_layout":"","ocean_both_sidebars_style":"","ocean_both_sidebars_content_width":0,"ocean_both_sidebars_sidebars_width":0,"ocean_sidebar":"0","ocean_second_sidebar":"0","ocean_disable_margins":"enable","ocean_add_body_class":"","ocean_shortcode_before_top_bar":"","ocean_shortcode_after_top_bar":"","ocean_shortcode_before_header":"","ocean_shortcode_after_header":"","ocean_has_shortcode":"","ocean_shortcode_after_title":"","ocean_shortcode_before_footer_widgets":"","ocean_shortcode_after_footer_widgets":"","ocean_shortcode_before_footer_bottom":"","ocean_shortcode_after_footer_bottom":"","ocean_display_top_bar":"default","ocean_display_header":"default","ocean_header_style":"","ocean_center_header_left_menu":"0","ocean_custom_header_template":"0","ocean_custom_logo":0,"ocean_custom_retina_logo":0,"ocean_custom_logo_max_width":0,"ocean_custom_logo_tablet_max_width":0,"ocean_custom_logo_mobile_max_width":0,"ocean_custom_logo_max_height":0,"ocean_custom_logo_tablet_max_height":0,"ocean_custom_logo_mobile_max_height":0,"ocean_header_custom_menu":"0","ocean_menu_typo_font_family":"0","ocean_menu_typo_font_subset":"","ocean_menu_typo_font_size":0,"ocean_menu_typo_font_size_tablet":0,"ocean_menu_typo_font_size_mobile":0,"ocean_menu_typo_font_size_unit":"px","ocean_menu_typo_font_weight":"","ocean_menu_typo_font_weight_tablet":"","ocean_menu_typo_font_weight_mobile":"","ocean_menu_typo_transform":"","ocean_menu_typo_transform_tablet":"","ocean_menu_typo_transform_mobile":"","ocean_menu_typo_line_height":0,"ocean_menu_typo_line_height_tablet":0,"ocean_menu_typo_line_height_mobile":0,"ocean_menu_typo_line_height_unit":"","ocean_menu_typo_spacing":0,"ocean_menu_typo_spacing_tablet":0,"ocean_menu_typo_spacing_mobile":0,"ocean_menu_typo_spacing_unit":"","ocean_menu_link_color":"","ocean_menu_link_color_hover":"","ocean_menu_link_color_active":"","ocean_menu_link_background":"","ocean_menu_link_hover_background":"","ocean_menu_link_active_background":"","ocean_menu_social_links_bg":"","ocean_menu_social_hover_links_bg":"","ocean_menu_social_links_color":"","ocean_menu_social_hover_links_color":"","ocean_disable_title":"default","ocean_disable_heading":"default","ocean_post_title":"","ocean_post_subheading":"","ocean_post_title_style":"","ocean_post_title_background_color":"","ocean_post_title_background":0,"ocean_post_title_bg_image_position":"","ocean_post_title_bg_image_attachment":"","ocean_post_title_bg_image_repeat":"","ocean_post_title_bg_image_size":"","ocean_post_title_height":0,"ocean_post_title_bg_overlay":0.5,"ocean_post_title_bg_overlay_color":"","ocean_disable_breadcrumbs":"default","ocean_breadcrumbs_color":"","ocean_breadcrumbs_separator_color":"","ocean_breadcrumbs_links_color":"","ocean_breadcrumbs_links_hover_color":"","ocean_display_footer_widgets":"default","ocean_display_footer_bottom":"default","ocean_custom_footer_template":"0","footnotes":""},"class_list":["post-16","page","type-page","status-publish","hentry","entry"],"_links":{"self":[{"href":"http:\/\/www.havert-stein.de\/neu19\/wp-json\/wp\/v2\/pages\/16"}],"collection":[{"href":"http:\/\/www.havert-stein.de\/neu19\/wp-json\/wp\/v2\/pages"}],"about":[{"href":"http:\/\/www.havert-stein.de\/neu19\/wp-json\/wp\/v2\/types\/page"}],"author":[{"embeddable":true,"href":"http:\/\/www.havert-stein.de\/neu19\/wp-json\/wp\/v2\/users\/1"}],"replies":[{"embeddable":true,"href":"http:\/\/www.havert-stein.de\/neu19\/wp-json\/wp\/v2\/comments?post=16"}],"version-history":[{"count":5,"href":"http:\/\/www.havert-stein.de\/neu19\/wp-json\/wp\/v2\/pages\/16\/revisions"}],"predecessor-version":[{"id":599,"href":"http:\/\/www.havert-stein.de\/neu19\/wp-json\/wp\/v2\/pages\/16\/revisions\/599"}],"wp:attachment":[{"href":"http:\/\/www.havert-stein.de\/neu19\/wp-json\/wp\/v2\/media?parent=16"}],"curies":[{"name":"wp","href":"https:\/\/api.w.org\/{rel}","templated":true}]}}