{"id":18,"date":"2019-04-25T11:03:45","date_gmt":"2019-04-25T09:03:45","guid":{"rendered":"http:\/\/www.havert-stein.de\/neu19\/?page_id=18"},"modified":"2020-12-30T19:47:03","modified_gmt":"2020-12-30T18:47:03","slug":"havert","status":"publish","type":"page","link":"http:\/\/www.havert-stein.de\/neu19\/havert\/","title":{"rendered":"Havert"},"content":{"rendered":"\t\t<div data-elementor-type=\"wp-post\" data-elementor-id=\"18\" class=\"elementor elementor-18\">\n\t\t\t\t\t\t<section class=\"elementor-section elementor-top-section elementor-element elementor-element-7354b99b elementor-section-boxed elementor-section-height-default elementor-section-height-default\" data-id=\"7354b99b\" data-element_type=\"section\" data-e-type=\"section\">\n\t\t\t\t\t\t<div class=\"elementor-container elementor-column-gap-default\">\n\t\t\t\t\t<div class=\"elementor-column elementor-col-100 elementor-top-column elementor-element elementor-element-74c284f3\" data-id=\"74c284f3\" data-element_type=\"column\" data-e-type=\"column\">\n\t\t\t<div class=\"elementor-widget-wrap elementor-element-populated\">\n\t\t\t\t\t\t<div class=\"elementor-element elementor-element-da6a232 elementor-widget elementor-widget-heading\" data-id=\"da6a232\" data-element_type=\"widget\" data-e-type=\"widget\" data-widget_type=\"heading.default\">\n\t\t\t\t<div class=\"elementor-widget-container\">\n\t\t\t\t\t<h2 class=\"elementor-heading-title elementor-size-default\">Havert, Stein und Millen-Bruch - unsere Heimat<\/h2>\t\t\t\t<\/div>\n\t\t\t\t<\/div>\n\t\t\t\t<section class=\"elementor-section elementor-inner-section elementor-element elementor-element-a0d0a90 elementor-section-boxed elementor-section-height-default elementor-section-height-default\" data-id=\"a0d0a90\" data-element_type=\"section\" data-e-type=\"section\">\n\t\t\t\t\t\t<div class=\"elementor-container elementor-column-gap-default\">\n\t\t\t\t\t<div class=\"elementor-column elementor-col-33 elementor-inner-column elementor-element elementor-element-ea962c9\" data-id=\"ea962c9\" data-element_type=\"column\" data-e-type=\"column\">\n\t\t\t<div class=\"elementor-widget-wrap elementor-element-populated\">\n\t\t\t\t\t\t<div class=\"elementor-element elementor-element-fd72328 elementor-widget elementor-widget-image\" data-id=\"fd72328\" data-element_type=\"widget\" data-e-type=\"widget\" data-widget_type=\"image.default\">\n\t\t\t\t<div class=\"elementor-widget-container\">\n\t\t\t\t\t\t\t\t\t\t\t\t\t\t\t<img fetchpriority=\"high\" decoding=\"async\" width=\"309\" height=\"617\" src=\"http:\/\/www.havert-stein.de\/neu19\/wp-content\/uploads\/2020\/12\/Schild-Havert.gif\" class=\"attachment-full size-full wp-image-691\" alt=\"\" \/>\t\t\t\t\t\t\t\t\t\t\t\t\t\t\t<\/div>\n\t\t\t\t<\/div>\n\t\t\t\t\t<\/div>\n\t\t<\/div>\n\t\t\t\t<div class=\"elementor-column elementor-col-66 elementor-inner-column elementor-element elementor-element-41b8acb\" data-id=\"41b8acb\" data-element_type=\"column\" data-e-type=\"column\">\n\t\t\t<div class=\"elementor-widget-wrap elementor-element-populated\">\n\t\t\t\t\t\t<div class=\"elementor-element elementor-element-431566d2 elementor-widget elementor-widget-text-editor\" data-id=\"431566d2\" data-element_type=\"widget\" data-e-type=\"widget\" data-widget_type=\"text-editor.default\">\n\t\t\t\t<div class=\"elementor-widget-container\">\n\t\t\t\t\t\t\t\t\t<p><span style=\"color: #000000;\">Der Ort Havert liegt in der Gemeinde Selfkant. Unsere Gemeinde bildet den westlichsten Zipfel des Landes und hat gut 10000 Einwohner.<\/span><\/p>\n<p><span style=\"color: #000000;\">Zu Havert geh\u00f6ren auch die Orte Stein, Millen-Bruch sowie der ehemalige Rittersitz Haus Wammen und das Gut Schwertscheidt.<\/span><\/p>\n<p><span style=\"color: #000000;\">Der Name Havert bedeutet Eschengeh\u00f6lz und wird erstmals im Jahre 1020 erw\u00e4hnt. Unser Nachbarort Stein entstand im 16. und 17. Jahrhundert. Seine Wurzeln lagen zun\u00e4chst jedoch weiter westlich. Erst im Jahre 1666, als die Pestepidemie ausbrach, wurden die wenigen \u00dcberlebenden veranlasst einen neuen Ort an anderer, sicherer Stelle zu gr\u00fcnden. Der heutige Ort Stein entstand.<\/span><\/p>\t\t\t\t\t\t\t\t<\/div>\n\t\t\t\t<\/div>\n\t\t\t\t<div class=\"elementor-element elementor-element-92000c2 elementor-widget elementor-widget-image\" data-id=\"92000c2\" data-element_type=\"widget\" data-e-type=\"widget\" data-widget_type=\"image.default\">\n\t\t\t\t<div class=\"elementor-widget-container\">\n\t\t\t\t\t\t\t\t\t\t\t\t\t\t\t<img decoding=\"async\" width=\"353\" height=\"291\" src=\"http:\/\/www.havert-stein.de\/neu19\/wp-content\/uploads\/2020\/12\/Karte-Heinsberg.jpg\" class=\"attachment-large size-large wp-image-692\" alt=\"\" srcset=\"http:\/\/www.havert-stein.de\/neu19\/wp-content\/uploads\/2020\/12\/Karte-Heinsberg.jpg 353w, http:\/\/www.havert-stein.de\/neu19\/wp-content\/uploads\/2020\/12\/Karte-Heinsberg-300x247.jpg 300w\" sizes=\"(max-width: 353px) 100vw, 353px\" \/>\t\t\t\t\t\t\t\t\t\t\t\t\t\t\t<\/div>\n\t\t\t\t<\/div>\n\t\t\t\t\t<\/div>\n\t\t<\/div>\n\t\t\t\t\t<\/div>\n\t\t<\/section>\n\t\t\t\t<section class=\"elementor-section elementor-inner-section elementor-element elementor-element-e69becc elementor-section-boxed elementor-section-height-default elementor-section-height-default\" data-id=\"e69becc\" data-element_type=\"section\" data-e-type=\"section\">\n\t\t\t\t\t\t<div class=\"elementor-container elementor-column-gap-default\">\n\t\t\t\t\t<div class=\"elementor-column elementor-col-50 elementor-inner-column elementor-element elementor-element-1ec6e6a\" data-id=\"1ec6e6a\" data-element_type=\"column\" data-e-type=\"column\">\n\t\t\t<div class=\"elementor-widget-wrap elementor-element-populated\">\n\t\t\t\t\t\t<div class=\"elementor-element elementor-element-b4c33bf elementor-widget elementor-widget-image\" data-id=\"b4c33bf\" data-element_type=\"widget\" data-e-type=\"widget\" data-widget_type=\"image.default\">\n\t\t\t\t<div class=\"elementor-widget-container\">\n\t\t\t\t\t\t\t\t\t\t\t\t<figure class=\"wp-caption\">\n\t\t\t\t\t\t\t\t\t\t<img decoding=\"async\" width=\"268\" height=\"244\" src=\"http:\/\/www.havert-stein.de\/neu19\/wp-content\/uploads\/2020\/12\/F-Stein-Brunen.jpg\" class=\"attachment-large size-large wp-image-693\" alt=\"\" \/>\t\t\t\t\t\t\t\t\t\t\t<figcaption class=\"widget-image-caption wp-caption-text\">Brunnen in Stein<\/figcaption>\n\t\t\t\t\t\t\t\t\t\t<\/figure>\n\t\t\t\t\t\t\t\t\t<\/div>\n\t\t\t\t<\/div>\n\t\t\t\t\t<\/div>\n\t\t<\/div>\n\t\t\t\t<div class=\"elementor-column elementor-col-50 elementor-inner-column elementor-element elementor-element-d7810c3\" data-id=\"d7810c3\" data-element_type=\"column\" data-e-type=\"column\">\n\t\t\t<div class=\"elementor-widget-wrap elementor-element-populated\">\n\t\t\t\t\t\t<div class=\"elementor-element elementor-element-092c7e1 elementor-widget elementor-widget-image\" data-id=\"092c7e1\" data-element_type=\"widget\" data-e-type=\"widget\" data-widget_type=\"image.default\">\n\t\t\t\t<div class=\"elementor-widget-container\">\n\t\t\t\t\t\t\t\t\t\t\t\t\t\t\t<img loading=\"lazy\" decoding=\"async\" width=\"141\" height=\"352\" src=\"http:\/\/www.havert-stein.de\/neu19\/wp-content\/uploads\/2020\/12\/Schild-Stein.gif\" class=\"attachment-large size-large wp-image-694\" alt=\"\" \/>\t\t\t\t\t\t\t\t\t\t\t\t\t\t\t<\/div>\n\t\t\t\t<\/div>\n\t\t\t\t\t<\/div>\n\t\t<\/div>\n\t\t\t\t\t<\/div>\n\t\t<\/section>\n\t\t\t\t<section class=\"elementor-section elementor-inner-section elementor-element elementor-element-c3cceb9 elementor-section-boxed elementor-section-height-default elementor-section-height-default\" data-id=\"c3cceb9\" data-element_type=\"section\" data-e-type=\"section\">\n\t\t\t\t\t\t<div class=\"elementor-container elementor-column-gap-default\">\n\t\t\t\t\t<div class=\"elementor-column elementor-col-66 elementor-inner-column elementor-element elementor-element-c0268a1\" data-id=\"c0268a1\" data-element_type=\"column\" data-e-type=\"column\">\n\t\t\t<div class=\"elementor-widget-wrap elementor-element-populated\">\n\t\t\t\t\t\t<div class=\"elementor-element elementor-element-a702577 elementor-widget elementor-widget-image\" data-id=\"a702577\" data-element_type=\"widget\" data-e-type=\"widget\" data-widget_type=\"image.default\">\n\t\t\t\t<div class=\"elementor-widget-container\">\n\t\t\t\t\t\t\t\t\t\t\t\t<figure class=\"wp-caption\">\n\t\t\t\t\t\t\t\t\t\t<img loading=\"lazy\" decoding=\"async\" width=\"315\" height=\"338\" src=\"http:\/\/www.havert-stein.de\/neu19\/wp-content\/uploads\/2020\/12\/F-Kirche.jpg\" class=\"attachment-large size-large wp-image-695\" alt=\"\" srcset=\"http:\/\/www.havert-stein.de\/neu19\/wp-content\/uploads\/2020\/12\/F-Kirche.jpg 315w, http:\/\/www.havert-stein.de\/neu19\/wp-content\/uploads\/2020\/12\/F-Kirche-280x300.jpg 280w\" sizes=\"(max-width: 315px) 100vw, 315px\" \/>\t\t\t\t\t\t\t\t\t\t\t<figcaption class=\"widget-image-caption wp-caption-text\">Kirche St. Getrudis Havert<\/figcaption>\n\t\t\t\t\t\t\t\t\t\t<\/figure>\n\t\t\t\t\t\t\t\t\t<\/div>\n\t\t\t\t<\/div>\n\t\t\t\t\t<\/div>\n\t\t<\/div>\n\t\t\t\t<div class=\"elementor-column elementor-col-33 elementor-inner-column elementor-element elementor-element-2c25eca\" data-id=\"2c25eca\" data-element_type=\"column\" data-e-type=\"column\">\n\t\t\t<div class=\"elementor-widget-wrap elementor-element-populated\">\n\t\t\t\t\t\t<div class=\"elementor-element elementor-element-78e5b57 elementor-widget elementor-widget-text-editor\" data-id=\"78e5b57\" data-element_type=\"widget\" data-e-type=\"widget\" data-widget_type=\"text-editor.default\">\n\t\t\t\t<div class=\"elementor-widget-container\">\n\t\t\t\t\t\t\t\t\t<p><span style=\"color: #000000;\">Der Westturm der Kirche wurde im Jahre 1525 und das Gotteshaus im Jahre 1864 erbaut.<\/span><\/p>\t\t\t\t\t\t\t\t<\/div>\n\t\t\t\t<\/div>\n\t\t\t\t\t<\/div>\n\t\t<\/div>\n\t\t\t\t\t<\/div>\n\t\t<\/section>\n\t\t\t\t<section class=\"elementor-section elementor-inner-section elementor-element elementor-element-da5570e elementor-section-boxed elementor-section-height-default elementor-section-height-default\" data-id=\"da5570e\" data-element_type=\"section\" data-e-type=\"section\">\n\t\t\t\t\t\t<div class=\"elementor-container elementor-column-gap-default\">\n\t\t\t\t\t<div class=\"elementor-column elementor-col-66 elementor-inner-column elementor-element elementor-element-76355ba\" data-id=\"76355ba\" data-element_type=\"column\" data-e-type=\"column\">\n\t\t\t<div class=\"elementor-widget-wrap elementor-element-populated\">\n\t\t\t\t\t\t<div class=\"elementor-element elementor-element-68eaac1 elementor-widget elementor-widget-image\" data-id=\"68eaac1\" data-element_type=\"widget\" data-e-type=\"widget\" data-widget_type=\"image.default\">\n\t\t\t\t<div class=\"elementor-widget-container\">\n\t\t\t\t\t\t\t\t\t\t\t\t\t\t\t<img loading=\"lazy\" decoding=\"async\" width=\"600\" height=\"219\" src=\"http:\/\/www.havert-stein.de\/neu19\/wp-content\/uploads\/2020\/12\/09.01.09_010b.jpg\" class=\"attachment-large size-large wp-image-696\" alt=\"\" srcset=\"http:\/\/www.havert-stein.de\/neu19\/wp-content\/uploads\/2020\/12\/09.01.09_010b.jpg 600w, http:\/\/www.havert-stein.de\/neu19\/wp-content\/uploads\/2020\/12\/09.01.09_010b-300x110.jpg 300w\" sizes=\"(max-width: 600px) 100vw, 600px\" \/>\t\t\t\t\t\t\t\t\t\t\t\t\t\t\t<\/div>\n\t\t\t\t<\/div>\n\t\t\t\t\t<\/div>\n\t\t<\/div>\n\t\t\t\t<div class=\"elementor-column elementor-col-33 elementor-inner-column elementor-element elementor-element-ed608c1\" data-id=\"ed608c1\" data-element_type=\"column\" data-e-type=\"column\">\n\t\t\t<div class=\"elementor-widget-wrap elementor-element-populated\">\n\t\t\t\t\t\t<div class=\"elementor-element elementor-element-0a8414d elementor-widget elementor-widget-text-editor\" data-id=\"0a8414d\" data-element_type=\"widget\" data-e-type=\"widget\" data-widget_type=\"text-editor.default\">\n\t\t\t\t<div class=\"elementor-widget-container\">\n\t\t\t\t\t\t\t\t\t<p style=\"text-align: left;\" align=\"center\"><span style=\"color: #000000;\">Im Ortszentrum wurde das Sch\u00fctzenheim in Verbindung mit dem ehem. Feuerwehrger\u00e4tehaus sowie dem Vereinsheim des Spielmannszuges &#8222;&#8218;\u00b4t Tr\u00fcmmke&#8220; inkl. Garage errichtet.<\/span><\/p>\t\t\t\t\t\t\t\t<\/div>\n\t\t\t\t<\/div>\n\t\t\t\t\t<\/div>\n\t\t<\/div>\n\t\t\t\t\t<\/div>\n\t\t<\/section>\n\t\t\t\t\t<\/div>\n\t\t<\/div>\n\t\t\t\t\t<\/div>\n\t\t<\/section>\n\t\t\t\t<\/div>\n\t\t","protected":false},"excerpt":{"rendered":"<p>Havert, Stein und Millen-Bruch &#8211; unsere Heimat Der Ort Havert liegt in der Gemeinde Selfkant. Unsere Gemeinde bildet den westlichsten Zipfel des Landes und hat gut 10000 Einwohner. Zu Havert geh\u00f6ren auch die Orte Stein, Millen-Bruch sowie der ehemalige Rittersitz Haus Wammen und das Gut Schwertscheidt. Der Name Havert bedeutet Eschengeh\u00f6lz und wird erstmals im [&hellip;]<\/p>\n","protected":false},"author":1,"featured_media":0,"parent":0,"menu_order":0,"comment_status":"closed","ping_status":"closed","template":"","meta":{"ocean_post_layout":"","ocean_both_sidebars_style":"","ocean_both_sidebars_content_width":0,"ocean_both_sidebars_sidebars_width":0,"ocean_sidebar":"0","ocean_second_sidebar":"0","ocean_disable_margins":"enable","ocean_add_body_class":"","ocean_shortcode_before_top_bar":"","ocean_shortcode_after_top_bar":"","ocean_shortcode_before_header":"","ocean_shortcode_after_header":"","ocean_has_shortcode":"","ocean_shortcode_after_title":"","ocean_shortcode_before_footer_widgets":"","ocean_shortcode_after_footer_widgets":"","ocean_shortcode_before_footer_bottom":"","ocean_shortcode_after_footer_bottom":"","ocean_display_top_bar":"default","ocean_display_header":"default","ocean_header_style":"","ocean_center_header_left_menu":"0","ocean_custom_header_template":"0","ocean_custom_logo":0,"ocean_custom_retina_logo":0,"ocean_custom_logo_max_width":0,"ocean_custom_logo_tablet_max_width":0,"ocean_custom_logo_mobile_max_width":0,"ocean_custom_logo_max_height":0,"ocean_custom_logo_tablet_max_height":0,"ocean_custom_logo_mobile_max_height":0,"ocean_header_custom_menu":"0","ocean_menu_typo_font_family":"0","ocean_menu_typo_font_subset":"","ocean_menu_typo_font_size":0,"ocean_menu_typo_font_size_tablet":0,"ocean_menu_typo_font_size_mobile":0,"ocean_menu_typo_font_size_unit":"px","ocean_menu_typo_font_weight":"","ocean_menu_typo_font_weight_tablet":"","ocean_menu_typo_font_weight_mobile":"","ocean_menu_typo_transform":"","ocean_menu_typo_transform_tablet":"","ocean_menu_typo_transform_mobile":"","ocean_menu_typo_line_height":0,"ocean_menu_typo_line_height_tablet":0,"ocean_menu_typo_line_height_mobile":0,"ocean_menu_typo_line_height_unit":"","ocean_menu_typo_spacing":0,"ocean_menu_typo_spacing_tablet":0,"ocean_menu_typo_spacing_mobile":0,"ocean_menu_typo_spacing_unit":"","ocean_menu_link_color":"","ocean_menu_link_color_hover":"","ocean_menu_link_color_active":"","ocean_menu_link_background":"","ocean_menu_link_hover_background":"","ocean_menu_link_active_background":"","ocean_menu_social_links_bg":"","ocean_menu_social_hover_links_bg":"","ocean_menu_social_links_color":"","ocean_menu_social_hover_links_color":"","ocean_disable_title":"default","ocean_disable_heading":"default","ocean_post_title":"","ocean_post_subheading":"","ocean_post_title_style":"","ocean_post_title_background_color":"","ocean_post_title_background":0,"ocean_post_title_bg_image_position":"","ocean_post_title_bg_image_attachment":"","ocean_post_title_bg_image_repeat":"","ocean_post_title_bg_image_size":"","ocean_post_title_height":0,"ocean_post_title_bg_overlay":0.5,"ocean_post_title_bg_overlay_color":"","ocean_disable_breadcrumbs":"default","ocean_breadcrumbs_color":"","ocean_breadcrumbs_separator_color":"","ocean_breadcrumbs_links_color":"","ocean_breadcrumbs_links_hover_color":"","ocean_display_footer_widgets":"default","ocean_display_footer_bottom":"default","ocean_custom_footer_template":"0","footnotes":""},"class_list":["post-18","page","type-page","status-publish","hentry","entry"],"_links":{"self":[{"href":"http:\/\/www.havert-stein.de\/neu19\/wp-json\/wp\/v2\/pages\/18"}],"collection":[{"href":"http:\/\/www.havert-stein.de\/neu19\/wp-json\/wp\/v2\/pages"}],"about":[{"href":"http:\/\/www.havert-stein.de\/neu19\/wp-json\/wp\/v2\/types\/page"}],"author":[{"embeddable":true,"href":"http:\/\/www.havert-stein.de\/neu19\/wp-json\/wp\/v2\/users\/1"}],"replies":[{"embeddable":true,"href":"http:\/\/www.havert-stein.de\/neu19\/wp-json\/wp\/v2\/comments?post=18"}],"version-history":[{"count":7,"href":"http:\/\/www.havert-stein.de\/neu19\/wp-json\/wp\/v2\/pages\/18\/revisions"}],"predecessor-version":[{"id":700,"href":"http:\/\/www.havert-stein.de\/neu19\/wp-json\/wp\/v2\/pages\/18\/revisions\/700"}],"wp:attachment":[{"href":"http:\/\/www.havert-stein.de\/neu19\/wp-json\/wp\/v2\/media?parent=18"}],"curies":[{"name":"wp","href":"https:\/\/api.w.org\/{rel}","templated":true}]}}