{"id":260,"date":"2019-06-29T14:48:54","date_gmt":"2019-06-29T12:48:54","guid":{"rendered":"http:\/\/www.havert-stein.de\/neu19\/?page_id=260"},"modified":"2019-07-20T11:26:09","modified_gmt":"2019-07-20T09:26:09","slug":"datenschutzerklaerung","status":"publish","type":"page","link":"http:\/\/www.havert-stein.de\/neu19\/datenschutzerklaerung\/","title":{"rendered":"Datenschutzerkl\u00e4rung"},"content":{"rendered":"\t\t<div data-elementor-type=\"wp-post\" data-elementor-id=\"260\" class=\"elementor elementor-260\">\n\t\t\t\t\t\t<section class=\"elementor-section elementor-top-section elementor-element elementor-element-1622e96 elementor-section-boxed elementor-section-height-default elementor-section-height-default\" data-id=\"1622e96\" data-element_type=\"section\" data-e-type=\"section\">\n\t\t\t\t\t\t<div class=\"elementor-container elementor-column-gap-default\">\n\t\t\t\t\t<div class=\"elementor-column elementor-col-100 elementor-top-column elementor-element elementor-element-241153f\" data-id=\"241153f\" data-element_type=\"column\" data-e-type=\"column\">\n\t\t\t<div class=\"elementor-widget-wrap elementor-element-populated\">\n\t\t\t\t\t\t<div class=\"elementor-element elementor-element-6510d60 elementor-widget elementor-widget-text-editor\" data-id=\"6510d60\" data-element_type=\"widget\" data-e-type=\"widget\" data-widget_type=\"text-editor.default\">\n\t\t\t\t<div class=\"elementor-widget-container\">\n\t\t\t\t\t\t\t\t\t<p style=\"font-variant-caps: normal; font-family: Roboto, sans-serif; font-size: 14px; font-style: normal;\"><span style=\"font-size: 14px; font-weight: bold; color: #000080;\">Datenschutzerkl\u00e4rung<\/span><\/p><p style=\"font-style: normal; font-variant-caps: normal; margin-bottom: 16px; caret-color: #444444; color: #444444; font-family: Arial, Helvetica, sans-serif; font-size: 12px;\"><span style=\"font-weight: bold;\">Allgemeine Hinweise und Pflichtinformationen<\/span><br \/>Die rechtlichen Grundlagen des Datenschutzes finden sich im Telemediengesetz (TMG) und in der EU-Datenschutz-Grundverordnung (EU-DS\u00adGVO).<\/p><p style=\"font-style: normal; font-variant-caps: normal; margin-bottom: 16px; caret-color: #444444; color: #444444; font-family: Arial, Helvetica, sans-serif; font-size: 12px;\"><span style=\"font-weight: bold;\">Datenschutz<\/span><\/p><p style=\"font-style: normal; font-variant-caps: normal; margin-bottom: 16px; caret-color: #444444; color: #444444; font-family: Arial, Helvetica, sans-serif; font-size: 12px;\">Die Betreiber dieser Seiten nehmen den Schutz Ihrer pers\u00f6nlichen Daten sehr ernst. Wir behandeln Ihre personenbezogenen Daten vertraulich und entsprechend der gesetzlichen Datenschutzvorschriften sowie dieser Datenschutzerkl\u00e4rung.<\/p><p style=\"font-style: normal; font-variant-caps: normal; margin-bottom: 16px; caret-color: #444444; color: #444444; font-family: Arial, Helvetica, sans-serif; font-size: 12px;\">Die Nutzung unserer Website ist in der Regel ohne Angabe personenbezogener Daten m\u00f6glich. Soweit auf unseren Seiten personenbezogene Daten (beispielsweise Name, Anschrift oder E-Mail-Adressen) erhoben werden, erfolgt dies, soweit m\u00f6glich, stets auf freiwilliger Basis. Diese Daten werden ohne Ihre ausdr\u00fcckliche Zustimmung nicht an Dritte weitergegeben.<\/p><p style=\"font-style: normal; font-variant-caps: normal; margin-bottom: 16px; caret-color: #444444; color: #444444; font-family: Arial, Helvetica, sans-serif; font-size: 12px;\">Wir weisen darauf hin, dass die Daten\u00fcbertragung im Internet (z.B. bei der Kommunikation per E-Mail) Sicherheitsl\u00fccken aufweisen kann. Ein l\u00fcckenloser Schutz der Daten vor dem Zugriff durch Dritte ist nicht m\u00f6glich.<\/p><p style=\"font-style: normal; font-variant-caps: normal; margin-bottom: 16px; caret-color: #444444; color: #444444; font-family: Arial, Helvetica, sans-serif; font-size: 12px;\"><span style=\"font-weight: bold;\">Cookies<\/span><\/p><p style=\"font-style: normal; font-variant-caps: normal; margin-bottom: 16px; caret-color: #444444; color: #444444; font-family: Arial, Helvetica, sans-serif; font-size: 12px;\">Die Internetseiten verwenden teilweise so genannte Cookies. Cookies richten auf Ihrem Rechner keinen Schaden an und enthalten keine Viren. Cookies dienen dazu, unser Angebot nutzerfreundlicher, effektiver und sicherer zu machen. Cookies sind kleine Textdateien, die auf Ihrem Rechner abgelegt werden und die Ihr Browser speichert.<\/p><p style=\"font-style: normal; font-variant-caps: normal; margin-bottom: 16px; caret-color: #444444; color: #444444; font-family: Arial, Helvetica, sans-serif; font-size: 12px;\">Die meisten der von uns verwendeten Cookies sind so genannte \u201eSession-Cookies\u201c. Sie werden nach Ende Ihres Besuchs automatisch gel\u00f6scht. Andere Cookies bleiben auf Ihrem Endger\u00e4t gespeichert, bis Sie diese l\u00f6schen. Diese Cookies erm\u00f6glichen es uns, Ihren Browser beim n\u00e4chsten Besuch<br \/>wiederzuerkennen.<\/p><p style=\"font-style: normal; font-variant-caps: normal; margin-bottom: 16px; caret-color: #444444; color: #444444; font-family: Arial, Helvetica, sans-serif; font-size: 12px;\">Sie k\u00f6nnen Ihren Browser so einstellen, dass Sie \u00fcber das Setzen von Cookies informiert werden und Cookies nur im Einzelfall erlauben, die Annahme von Cookies f\u00fcr bestimmte F\u00e4lle oder generell ausschlie\u00dfen sowie das automatische L\u00f6schen der Cookies beim Schlie\u00dfen des Browser aktivieren. Bei der Deaktivierung von Cookies kann die Funktionalit\u00e4t dieser Website eingeschr\u00e4nkt sein.<\/p><p style=\"font-style: normal; font-variant-caps: normal; margin-bottom: 16px; caret-color: #444444; color: #444444; font-family: Arial, Helvetica, sans-serif; font-size: 12px;\"><span style=\"font-weight: bold;\">Server-Log-Dateien<\/span><\/p><p style=\"font-style: normal; font-variant-caps: normal; margin-bottom: 16px; caret-color: #444444; color: #444444; font-family: Arial, Helvetica, sans-serif; font-size: 12px;\">Der Provider der Seiten erhebt und speichert automatisch Informationen in so genannten Server-Log-Dateien, die Ihr Browser automatisch an uns \u00fcbermittelt. Dies sind:<\/p><ul style=\"font-style: normal; font-variant-caps: normal; margin-top: 0px; margin-bottom: 10px; padding-left: 20px; caret-color: #444444; color: #444444; font-family: Arial, Helvetica, sans-serif; font-size: 12px;\"><li style=\"margin-bottom: 5px;\">Browsertyp und Browserversion<\/li><li style=\"margin-bottom: 5px;\">verwendetes Betriebssystem<\/li><li style=\"margin-bottom: 5px;\">Referrer URL<\/li><li style=\"margin-bottom: 5px;\">Hostname des zugreifenden Rechners<\/li><li style=\"margin-bottom: 5px;\">Uhrzeit der Serveranfrage<\/li><li style=\"margin-bottom: 5px;\">IP-Adresse<\/li><\/ul><p style=\"font-style: normal; font-variant-caps: normal; margin-bottom: 16px; caret-color: #444444; color: #444444; font-family: Arial, Helvetica, sans-serif; font-size: 12px;\">Diese Daten sind nicht bestimmten Personen zuordenbar. Eine Zusammenf\u00fchrung dieser Daten mit anderen Datenquellen wird nicht vorgenommen.<\/p><p style=\"font-style: normal; font-variant-caps: normal; margin-bottom: 16px; caret-color: #444444; color: #444444; font-family: Arial, Helvetica, sans-serif; font-size: 12px;\">Grundlage f\u00fcr die Datenverarbeitung ist Art. 6 Abs. 1 lit. b DSGVO, der die Verarbeitung von Daten zur Erf\u00fcllung eines Vertrags oder vorvertraglicher Ma\u00dfnahmen gestattet.<\/p><p style=\"font-style: normal; font-variant-caps: normal; margin-bottom: 16px; caret-color: #444444; color: #444444; font-family: Arial, Helvetica, sans-serif; font-size: 12px;\"><span style=\"font-weight: bold;\">YouTube<\/span><br \/>Unsere Website nutzt Plugins der von Google betriebenen Seite YouTube. Betreiber der Seiten ist die YouTube, LLC, 901 Cherry Ave., San Bruno, CA 94066, USA.<\/p><p style=\"font-style: normal; font-variant-caps: normal; margin-bottom: 16px; caret-color: #444444; color: #444444; font-family: Arial, Helvetica, sans-serif; font-size: 12px;\">Hierbei nutzen wir die von YouTube zur Verf\u00fcgung gestellte Option \u201eerweiterter Datenschutzmodus\u201c.<\/p><p style=\"font-style: normal; font-variant-caps: normal; margin-bottom: 16px; caret-color: #444444; color: #444444; font-family: Arial, Helvetica, sans-serif; font-size: 12px;\">Wenn Sie eine unserer mit einem YouTube-Plugin ausgestatteten Seiten besuchen, wird eine Verbindung zu den Servern von YouTube hergestellt. Dabei wird dem Youtube-Server mitgeteilt, welche unserer Seiten Sie besucht haben. Wenn Sie in Ihrem YouTube-Account eingeloggt sind, erm\u00f6glichen Sie YouTube, Ihr Surfverhalten direkt Ihrem pers\u00f6nlichen Profil zuzuordnen. Dies k\u00f6nnen Sie verhindern, indem Sie sich aus Ihrem YouTube-Account ausloggen.<\/p><p style=\"font-style: normal; font-variant-caps: normal; margin-bottom: 16px; caret-color: #444444; color: #444444; font-family: Arial, Helvetica, sans-serif; font-size: 12px;\">Weitere Informationen zum Datenschutz von YouTube werden von Google unter dem folgenden Link bereitgestellt\u00a0<a href=\"https:\/\/www.google.de\/intl\/de\/policies\/privacy\" target=\"_blank\" rel=\"noopener\">https:\/\/www.google.de\/intl\/de\/policies\/privacy<\/a>.<\/p><p style=\"font-style: normal; font-variant-caps: normal; margin-bottom: 16px; caret-color: #444444; color: #444444; font-family: Arial, Helvetica, sans-serif; font-size: 12px;\"><span style=\"font-weight: bold;\">Recht auf Auskunft, L\u00f6schung, Sperrung<\/span><\/p><p style=\"font-style: normal; font-variant-caps: normal; margin-bottom: 16px; caret-color: #444444; color: #444444; font-family: Arial, Helvetica, sans-serif; font-size: 12px;\">Sie haben jederzeit das Recht auf unentgeltliche Auskunft \u00fcber Ihre gespeicherten personenbezogenen Daten, deren Herkunft und Empf\u00e4nger und den Zweck der Datenverarbeitung sowie ein Recht auf Berichtigung, Sperrung oder L\u00f6schung dieser Daten. Hierzu sowie zu weiteren Fragen zum Thema personenbezogene Daten k\u00f6nnen Sie sich jederzeit unter der im Impressum angegebenen Adresse an uns wenden.<\/p><p style=\"font-style: normal; font-variant-caps: normal; margin-bottom: 16px; caret-color: #444444; color: #444444; font-family: Arial, Helvetica, sans-serif; font-size: 12px;\"><span style=\"font-weight: bold;\">Widerspruch Werbe-Mails<\/span><\/p><p style=\"font-style: normal; font-variant-caps: normal; margin-bottom: 16px; caret-color: #444444; color: #444444; font-family: Arial, Helvetica, sans-serif; font-size: 12px;\">Der Nutzung von im Rahmen der Impressumspflicht ver\u00f6ffentlichten Kontaktdaten zur \u00dcbersendung von nicht ausdr\u00fccklich angeforderter Werbung und Informationsmaterialien wird hiermit widersprochen. Die Betreiber der Seiten behalten sich ausdr\u00fccklich rechtliche Schritte im Falle der unverlangten Zusendung von Werbeinformationen, etwa durch Spam-E-Mails, vor.<\/p><p style=\"font-style: normal; font-variant-caps: normal; margin-bottom: 16px; caret-color: #444444; color: #444444; font-family: Arial, Helvetica, sans-serif; font-size: 12px;\">\u00a0<\/p><p style=\"font-style: normal; font-variant-caps: normal; margin-bottom: 16px; caret-color: #444444; color: #444444; font-family: Arial, Helvetica, sans-serif; font-size: 12px;\">\u00a0<\/p>\t\t\t\t\t\t\t\t<\/div>\n\t\t\t\t<\/div>\n\t\t\t\t\t<\/div>\n\t\t<\/div>\n\t\t\t\t\t<\/div>\n\t\t<\/section>\n\t\t\t\t<\/div>\n\t\t","protected":false},"excerpt":{"rendered":"<p>Datenschutzerkl\u00e4rung Allgemeine Hinweise und Pflichtinformationen Die rechtlichen Grundlagen des Datenschutzes finden sich im Telemediengesetz (TMG) und in der EU-Datenschutz-Grundverordnung (EU-DS\u00adGVO). Datenschutz Die Betreiber dieser Seiten nehmen den Schutz Ihrer pers\u00f6nlichen Daten sehr ernst. Wir behandeln Ihre personenbezogenen Daten vertraulich und entsprechend der gesetzlichen Datenschutzvorschriften sowie dieser Datenschutzerkl\u00e4rung. Die Nutzung unserer Website ist in der Regel [&hellip;]<\/p>\n","protected":false},"author":1,"featured_media":0,"parent":0,"menu_order":0,"comment_status":"closed","ping_status":"closed","template":"","meta":{"ocean_post_layout":"","ocean_both_sidebars_style":"","ocean_both_sidebars_content_width":0,"ocean_both_sidebars_sidebars_width":0,"ocean_sidebar":"0","ocean_second_sidebar":"0","ocean_disable_margins":"enable","ocean_add_body_class":"","ocean_shortcode_before_top_bar":"","ocean_shortcode_after_top_bar":"","ocean_shortcode_before_header":"","ocean_shortcode_after_header":"","ocean_has_shortcode":"","ocean_shortcode_after_title":"","ocean_shortcode_before_footer_widgets":"","ocean_shortcode_after_footer_widgets":"","ocean_shortcode_before_footer_bottom":"","ocean_shortcode_after_footer_bottom":"","ocean_display_top_bar":"default","ocean_display_header":"default","ocean_header_style":"","ocean_center_header_left_menu":"0","ocean_custom_header_template":"0","ocean_custom_logo":0,"ocean_custom_retina_logo":0,"ocean_custom_logo_max_width":0,"ocean_custom_logo_tablet_max_width":0,"ocean_custom_logo_mobile_max_width":0,"ocean_custom_logo_max_height":0,"ocean_custom_logo_tablet_max_height":0,"ocean_custom_logo_mobile_max_height":0,"ocean_header_custom_menu":"0","ocean_menu_typo_font_family":"0","ocean_menu_typo_font_subset":"","ocean_menu_typo_font_size":0,"ocean_menu_typo_font_size_tablet":0,"ocean_menu_typo_font_size_mobile":0,"ocean_menu_typo_font_size_unit":"px","ocean_menu_typo_font_weight":"","ocean_menu_typo_font_weight_tablet":"","ocean_menu_typo_font_weight_mobile":"","ocean_menu_typo_transform":"","ocean_menu_typo_transform_tablet":"","ocean_menu_typo_transform_mobile":"","ocean_menu_typo_line_height":0,"ocean_menu_typo_line_height_tablet":0,"ocean_menu_typo_line_height_mobile":0,"ocean_menu_typo_line_height_unit":"","ocean_menu_typo_spacing":0,"ocean_menu_typo_spacing_tablet":0,"ocean_menu_typo_spacing_mobile":0,"ocean_menu_typo_spacing_unit":"","ocean_menu_link_color":"","ocean_menu_link_color_hover":"","ocean_menu_link_color_active":"","ocean_menu_link_background":"","ocean_menu_link_hover_background":"","ocean_menu_link_active_background":"","ocean_menu_social_links_bg":"","ocean_menu_social_hover_links_bg":"","ocean_menu_social_links_color":"","ocean_menu_social_hover_links_color":"","ocean_disable_title":"default","ocean_disable_heading":"default","ocean_post_title":"","ocean_post_subheading":"","ocean_post_title_style":"","ocean_post_title_background_color":"","ocean_post_title_background":0,"ocean_post_title_bg_image_position":"","ocean_post_title_bg_image_attachment":"","ocean_post_title_bg_image_repeat":"","ocean_post_title_bg_image_size":"","ocean_post_title_height":0,"ocean_post_title_bg_overlay":0.5,"ocean_post_title_bg_overlay_color":"","ocean_disable_breadcrumbs":"default","ocean_breadcrumbs_color":"","ocean_breadcrumbs_separator_color":"","ocean_breadcrumbs_links_color":"","ocean_breadcrumbs_links_hover_color":"","ocean_display_footer_widgets":"default","ocean_display_footer_bottom":"default","ocean_custom_footer_template":"0","footnotes":""},"class_list":["post-260","page","type-page","status-publish","hentry","entry"],"_links":{"self":[{"href":"http:\/\/www.havert-stein.de\/neu19\/wp-json\/wp\/v2\/pages\/260"}],"collection":[{"href":"http:\/\/www.havert-stein.de\/neu19\/wp-json\/wp\/v2\/pages"}],"about":[{"href":"http:\/\/www.havert-stein.de\/neu19\/wp-json\/wp\/v2\/types\/page"}],"author":[{"embeddable":true,"href":"http:\/\/www.havert-stein.de\/neu19\/wp-json\/wp\/v2\/users\/1"}],"replies":[{"embeddable":true,"href":"http:\/\/www.havert-stein.de\/neu19\/wp-json\/wp\/v2\/comments?post=260"}],"version-history":[{"count":3,"href":"http:\/\/www.havert-stein.de\/neu19\/wp-json\/wp\/v2\/pages\/260\/revisions"}],"predecessor-version":[{"id":346,"href":"http:\/\/www.havert-stein.de\/neu19\/wp-json\/wp\/v2\/pages\/260\/revisions\/346"}],"wp:attachment":[{"href":"http:\/\/www.havert-stein.de\/neu19\/wp-json\/wp\/v2\/media?parent=260"}],"curies":[{"name":"wp","href":"https:\/\/api.w.org\/{rel}","templated":true}]}}